{"id":4294,"date":"2025-09-08T07:00:47","date_gmt":"2025-09-08T07:00:47","guid":{"rendered":"https:\/\/samarcandaluxury.com\/?post_type=product&#038;p=4294"},"modified":"2025-09-08T07:04:17","modified_gmt":"2025-09-08T07:04:17","slug":"completo-varanasi","status":"publish","type":"product","link":"https:\/\/samarcandaluxury.com\/en\/prodotto\/completo-varanasi\/","title":{"rendered":"Completo Varanasi"},"content":{"rendered":"<p><span style=\"font-weight: 400;\">Il set <\/span><b>Varanasi<\/b><span style=\"font-weight: 400;\"> \u00e8 un ensemble raffinato e simbolico, che unisce la ricchezza dei ricami tradizionali indiani con la sartorialit\u00e0 italiana. \u00c8 un omaggio alla citt\u00e0 sacra dell\u2019India, luogo di spiritualit\u00e0, colori e artigianato millenario.<\/span><\/p>\n<p><b>\ud83d\udd39<\/b><b> Pantaloni Varanasi<\/b><\/p>\n<ul>\n<li style=\"font-weight: 400;\" aria-level=\"1\"><b>Tessuto<\/b><span style=\"font-weight: 400;\">: seta indiana ricamata, con motivo floreale e arabescato in filati tono su tono celeste e rosato<\/span><\/li>\n<li style=\"font-weight: 400;\" aria-level=\"1\"><b>Taglio<\/b><span style=\"font-weight: 400;\">: dritto e morbido, a vita alta, con bottone centrale e zip<\/span><\/li>\n<li style=\"font-weight: 400;\" aria-level=\"1\"><b>Stile<\/b><span style=\"font-weight: 400;\">: leggero ma strutturato, elegante e comodo, perfetto da abbinare a capi pi\u00f9 minimal o in total look coordinato<\/span><\/li>\n<li style=\"font-weight: 400;\" aria-level=\"1\"><b>Dettaglio<\/b><span style=\"font-weight: 400;\">: il ricamo cattura la luce in modo discreto ma prezioso, evocando la lucentezza dei sari da cerimonia<\/span><\/li>\n<\/ul>\n<p><b>\ud83d\udd39<\/b><b> Cappotto Varanasi<\/b><\/p>\n<ul>\n<li style=\"font-weight: 400;\" aria-level=\"1\"><b>Materiale<\/b><span style=\"font-weight: 400;\">: lana e cashmere italiano in una delicata tonalit\u00e0 azzurro cielo<\/span><\/li>\n<li style=\"font-weight: 400;\" aria-level=\"1\"><b>Design<\/b><span style=\"font-weight: 400;\">: linea lunga e avvolgente, collo oversize a scialle, tasche applicate e maniche ampie<\/span><\/li>\n<li style=\"font-weight: 400;\" aria-level=\"1\"><b>Decorazioni<\/b><span style=\"font-weight: 400;\">: fondo e polsini arricchiti da un bordo di tessuto ricamato indiano, con motivi floreali giallo oro, crema e avorio, cucito a mano<\/span><\/li>\n<li style=\"font-weight: 400;\" aria-level=\"1\"><b>Stile<\/b><span style=\"font-weight: 400;\">: perfetto equilibrio tra tradizione e modernit\u00e0, ideale per chi cerca un capo statement senza rinunciare alla portabilit\u00e0<\/span><\/li>\n<\/ul>\n<p><b>Identit\u00e0 del set<\/b><\/p>\n<p><span style=\"font-weight: 400;\">Il completo <\/span><b>Varanasi<\/b><span style=\"font-weight: 400;\"> incarna la filosofia Samarcanda: l&#8217;incontro tra Oriente e Occidente, tra arte tessile e moda etica. Un capo che racconta, avvolge e valorizza, pensato per chi veste con consapevolezza e poesia.<\/span><\/p>\n<p><span style=\"font-weight: 400;\">Tessuti selezionati in Italia e India.<\/span><\/p>\n<p><span style=\"font-weight: 400;\">Confezionato da sarte esperte in arte sartoriale italiana.<\/span><\/p>\n<p><span style=\"font-weight: 400;\">Il set Varanasi \u00e8 stato realizzato con 4 metri di lana e cashmere e 2 metri di seta<\/span><span style=\"font-weight: 400;\"><br \/>\n<\/span><span style=\"font-weight: 400;\">Pezzo unico e non replicabile, 100% made in Italy.<\/span><\/p>\n<p><span style=\"font-weight: 400;\">Cappotto Taglia 42\/44<\/span><\/p>\n<p><span style=\"font-weight: 400;\">Pantaloni Taglia 42<\/span><\/p>\n<p><span style=\"font-weight: 400;\">Tessuto pantaloni: seta 100%<\/span><\/p>\n<p><span style=\"font-weight: 400;\">Fodera pantaloni: 50% seta, 50% lana<\/span><\/p>\n<p><span style=\"font-weight: 400;\">Tessuto cappotto: lana 80%, cashmere 20%<\/span><\/p>\n","protected":false},"excerpt":{"rendered":"<p>Il set Varanasi \u00e8 un ensemble raffinato e simbolico, che unisce la ricchezza dei ricami tradizionali indiani con la sartorialit\u00e0 italiana. \u00c8 un omaggio alla citt\u00e0 sacra dell\u2019India, luogo di spiritualit\u00e0, colori e artigianato millenario. \ud83d\udd39 Pantaloni Varanasi Tessuto: seta indiana ricamata, con motivo floreale e arabescato in filati tono su tono celeste e rosato [&hellip;]<\/p>\n","protected":false},"featured_media":4323,"template":"","meta":{"_acf_changed":false},"product_brand":[],"product_cat":[113],"product_tag":[122],"class_list":{"0":"post-4294","1":"product","2":"type-product","3":"status-publish","4":"has-post-thumbnail","6":"product_cat-collezione-bharat","7":"product_tag-completo-varanasi","9":"first","10":"instock","11":"shipping-taxable","12":"product-type-simple"},"acf":[],"_links":{"self":[{"href":"https:\/\/samarcandaluxury.com\/en\/wp-json\/wp\/v2\/product\/4294","targetHints":{"allow":["GET"]}}],"collection":[{"href":"https:\/\/samarcandaluxury.com\/en\/wp-json\/wp\/v2\/product"}],"about":[{"href":"https:\/\/samarcandaluxury.com\/en\/wp-json\/wp\/v2\/types\/product"}],"wp:featuredmedia":[{"embeddable":true,"href":"https:\/\/samarcandaluxury.com\/en\/wp-json\/wp\/v2\/media\/4323"}],"wp:attachment":[{"href":"https:\/\/samarcandaluxury.com\/en\/wp-json\/wp\/v2\/media?parent=4294"}],"wp:term":[{"taxonomy":"product_brand","embeddable":true,"href":"https:\/\/samarcandaluxury.com\/en\/wp-json\/wp\/v2\/product_brand?post=4294"},{"taxonomy":"product_cat","embeddable":true,"href":"https:\/\/samarcandaluxury.com\/en\/wp-json\/wp\/v2\/product_cat?post=4294"},{"taxonomy":"product_tag","embeddable":true,"href":"https:\/\/samarcandaluxury.com\/en\/wp-json\/wp\/v2\/product_tag?post=4294"}],"curies":[{"name":"wp","href":"https:\/\/api.w.org\/{rel}","templated":true}]}}