{"id":4183,"date":"2025-09-08T05:59:59","date_gmt":"2025-09-08T05:59:59","guid":{"rendered":"https:\/\/samarcandaluxury.com\/?post_type=product&#038;p=4183"},"modified":"2025-09-09T10:58:24","modified_gmt":"2025-09-09T10:58:24","slug":"completo-amaravati","status":"publish","type":"product","link":"https:\/\/samarcandaluxury.com\/en\/prodotto\/completo-amaravati\/","title":{"rendered":"Completo Amaravati"},"content":{"rendered":"<p><span style=\"font-weight: 400;\">Un tributo alla delicatezza della tradizione tessile e all\u2019equilibrio armonico tra natura e arte. <\/span><b>\u201cAmaravati\u201d<\/b><span style=\"font-weight: 400;\">, dal nome dell\u2019antica citt\u00e0 indiana custode di bellezza e spiritualit\u00e0, \u00e8 un completo prezioso che unisce savoir-faire artigianale e visione contemporanea.<\/span><\/p>\n<p><span style=\"font-weight: 400;\">Il protagonista \u00e8 un <\/span><b>cappotto sartoriale in lana e cashmere verde salvia<\/b><span style=\"font-weight: 400;\">, dalla linea pulita ed essenziale, pensata per esaltare la qualit\u00e0 del tessuto e i dettagli unici. Sulle maniche e al fondo, <\/span><b>inserti in tessuto stampato con motivi cachemire<\/b><span style=\"font-weight: 400;\"> richiamano la ricchezza visiva dei sari antichi. A decorare il tutto, <\/span><b>cristalli austriaci blu royal applicati a mano<\/b><span style=\"font-weight: 400;\">, come piccole gemme incastonate che donano luce e tridimensionalit\u00e0.<\/span><\/p>\n<p><span style=\"font-weight: 400;\">Completano il look una <\/span><b>tunica fluida in seta stampata<\/b><span style=\"font-weight: 400;\"> e un <\/span><b>pantalone coordinato<\/b><span style=\"font-weight: 400;\">, con una fantasia floreale che fonde il verde salvia con il blu royal, in una danza elegante e fresca. I volumi leggeri, la morbidezza della seta e l\u2019equilibrio cromatico danno vita a un completo che celebra la femminilit\u00e0 in chiave sofisticata.<\/span><\/p>\n<p><span style=\"font-weight: 400;\">Tessuti selezionati in Italia e India<\/span><\/p>\n<p><span style=\"font-weight: 400;\">Confezionato da sarte esperte in arte sartoriale italiana.<\/span><\/p>\n<p><span style=\"font-weight: 400;\">Il cappottino Amaravati \u00e8 stato realizzato con 4 metri di cashmere e lana<\/span><\/p>\n<p><span style=\"font-weight: 400;\">Il completo Amaravati \u00e8 stato realizzato con 3,5 metri di seta<\/span><span style=\"font-weight: 400;\"><br \/>\n<\/span><span style=\"font-weight: 400;\">Set unico e non replicabile, 100% made in Italy.<\/span><\/p>\n<p><span style=\"font-weight: 400;\">Cappottino Taglia 42<\/span><\/p>\n<p><span style=\"font-weight: 400;\">Completo in seta Taglia 42<\/span><\/p>\n<p><span style=\"font-weight: 400;\">Tessuto esterno Cappottino : Lana 80%, cashmere 20%<\/span><\/p>\n<p><span style=\"font-weight: 400;\">Tessuto completo: seta 100%<\/span><\/p>\n","protected":false},"excerpt":{"rendered":"<p>Un tributo alla delicatezza della tradizione tessile e all\u2019equilibrio armonico tra natura e arte. \u201cAmaravati\u201d, dal nome dell\u2019antica citt\u00e0 indiana custode di bellezza e spiritualit\u00e0, \u00e8 un completo prezioso che unisce savoir-faire artigianale e visione contemporanea. Il protagonista \u00e8 un cappotto sartoriale in lana e cashmere verde salvia, dalla linea pulita ed essenziale, pensata per [&hellip;]<\/p>\n","protected":false},"featured_media":4197,"template":"","meta":{"_acf_changed":false},"product_brand":[],"product_cat":[113],"product_tag":[114],"class_list":{"0":"post-4183","1":"product","2":"type-product","3":"status-publish","4":"has-post-thumbnail","6":"product_cat-collezione-bharat","7":"product_tag-completo-amaravati","9":"first","10":"instock","11":"shipping-taxable","12":"product-type-simple"},"acf":[],"_links":{"self":[{"href":"https:\/\/samarcandaluxury.com\/en\/wp-json\/wp\/v2\/product\/4183","targetHints":{"allow":["GET"]}}],"collection":[{"href":"https:\/\/samarcandaluxury.com\/en\/wp-json\/wp\/v2\/product"}],"about":[{"href":"https:\/\/samarcandaluxury.com\/en\/wp-json\/wp\/v2\/types\/product"}],"wp:featuredmedia":[{"embeddable":true,"href":"https:\/\/samarcandaluxury.com\/en\/wp-json\/wp\/v2\/media\/4197"}],"wp:attachment":[{"href":"https:\/\/samarcandaluxury.com\/en\/wp-json\/wp\/v2\/media?parent=4183"}],"wp:term":[{"taxonomy":"product_brand","embeddable":true,"href":"https:\/\/samarcandaluxury.com\/en\/wp-json\/wp\/v2\/product_brand?post=4183"},{"taxonomy":"product_cat","embeddable":true,"href":"https:\/\/samarcandaluxury.com\/en\/wp-json\/wp\/v2\/product_cat?post=4183"},{"taxonomy":"product_tag","embeddable":true,"href":"https:\/\/samarcandaluxury.com\/en\/wp-json\/wp\/v2\/product_tag?post=4183"}],"curies":[{"name":"wp","href":"https:\/\/api.w.org\/{rel}","templated":true}]}}