{"id":3311,"date":"2024-03-24T10:28:53","date_gmt":"2024-03-24T10:28:53","guid":{"rendered":"https:\/\/samarcandaluxury.com\/prodotto\/gilet-zibo\/"},"modified":"2024-03-24T10:28:53","modified_gmt":"2024-03-24T10:28:53","slug":"gilet-zibo","status":"publish","type":"product","link":"https:\/\/samarcandaluxury.com\/en\/prodotto\/gilet-zibo\/","title":{"rendered":"Gilet Zibo"},"content":{"rendered":"<p><span style=\"font-weight: 400;\">Zibo is a <\/span><b>waistcoat in jeans and silk<\/b><span style=\"font-weight: 400;\">, 114 momme, with collar and buttons.<\/span><\/p>\n<p><span style=\"font-weight: 400;\">Oriental-inspired, it is dubbed in light Mulberry silk. . The print depicts the famous Chinese painting &#8220;Qingming Shanghe Tu&#8221; (&#8220;Along the River during the Qingming Festival&#8221;), created by the artist Zhang Zeduan in the 12th century.<\/span><\/p>\n<p><span style=\"font-weight: 400;\">It represents the city of Bianjing in the frenzy of the traditional festival for the transition from winter to spring. It is considered the most famous Chinese painting, and is known as <\/span><i><span style=\"font-weight: 400;\">China\u2019s Mona Lisa.<\/p>\n<p><\/span><\/i><\/p>\n<p><b>DISCOVER THE MULBERRY SILK &gt;<\/b><b><br \/>\n<\/b><span style=\"font-weight: 400;\">The Mulberry silk is glossy, slippery and among the most valuable silk and it is produced thanks to the silkworms of the moth Bombyx Mori and a thousand-year expertise in China.<\/span><span style=\"font-weight: 400;\"><br \/>\n<\/span><span style=\"font-weight: 400;\">It has a pure white color, uniform, and is refined because it is composed of single very long fibers.<\/span><span style=\"font-weight: 400;\"><br \/>\n<\/span><span style=\"font-weight: 400;\">100% natural, odorless and hypoallergenic.<\/span><\/p>\n<p><span style=\"font-weight: 400;\">La leggenda attribuisce la sua scoperta all\u2019imperatrice Xi Ling-Shi nel XXVIII secolo a.C.<\/span><span style=\"font-weight: 400;\"><br \/>\n<\/span><span style=\"font-weight: 400;\">Mentre beveva il t\u00e8 sotto un gelso, un bozzolo cadde nella sua tazza e, grazie al calore, ne tir\u00f2 fuori un filo lunghissimo, scoprendo cos\u00ec le propriet\u00e0 dei bachi. <\/span><\/p>\n<p><span style=\"font-weight: 400;\">Unique piece, not replicable, made in Italy by experts in tailoring.<\/span><span style=\"font-weight: 400;\"><br \/>\n<\/span><span style=\"font-weight: 400;\">Size S<\/span><span style=\"font-weight: 400;\"><br \/>\n<\/span><span style=\"font-weight: 400;\">Guida alle misure<\/span><span style=\"font-weight: 400;\">.<\/span><\/p>\n<p>&nbsp;<\/p>\n<p><b>DETAILS OF THE PRODUCT &gt;<\/b><b><br \/>\n<\/b><span style=\"font-weight: 400;\">Selected fabrics in China and Italy.<\/span><span style=\"font-weight: 400;\"><br \/>\n<\/span><span style=\"font-weight: 400;\">Made by expert seamstresses in Italian tailoring.<\/span><span style=\"font-weight: 400;\"><br \/>\n<\/span><span style=\"font-weight: 400;\">Tessuto esterno: 100% cotone<\/span><span style=\"font-weight: 400;\"><br \/>\n<\/span><span style=\"font-weight: 400;\">Tessuto interno: 100% seta Mulberry, 14 momme<\/span><\/p>\n<p><span style=\"font-weight: 400;\">Il gilet Zibo in jeans e seta \u00e8 stato realizzato con 4 metri di seta Mulberry.<\/span><span style=\"font-weight: 400;\"><br \/>\n<\/span><span style=\"font-weight: 400;\">Unique and not replicable piece, 100% made in Italy.<\/span><\/p>\n<p><span style=\"font-weight: 400;\">Size S.<\/span><span style=\"font-weight: 400;\"><br \/>\n<\/span><span style=\"font-weight: 400;\">Length 135 cm. <\/span><span style=\"font-weight: 400;\"><br \/>\n<\/span><span style=\"font-weight: 400;\">The model is 180 cm tall and wears size S.<\/span><span style=\"font-weight: 400;\"><br \/>\n<\/span><span style=\"font-weight: 400;\">Guida alle misure<\/span><span style=\"font-weight: 400;\">.<\/span><\/p>\n<p><b><br \/>\n<\/b><b>TREATMENT GUIDE &gt;<\/b><b><br \/>\n<\/b><span style=\"font-weight: 400;\">Only dry cleaning in professional laundries.<\/span><span style=\"font-weight: 400;\"><br \/>\n<\/span><span style=\"font-weight: 400;\">No washing machine, no dryer and household ironing.<\/span><span style=\"font-weight: 400;\"><br \/>\n<\/span><span style=\"font-weight: 400;\">Protect it with his cotton bag before storing it in a closet.<\/span><span style=\"font-weight: 400;\"><br \/>\n<\/span><span style=\"font-weight: 400;\">To maintain the brightness of colors over time, keep it safe from direct light or heat sources.<\/span><span style=\"font-weight: 400;\"><br \/>\n<\/span><span style=\"font-weight: 400;\">When wearing it, pay attention to jewelry and accessories that may damage the yarn.<\/span><\/p>\n","protected":false},"excerpt":{"rendered":"<p>Zibo is a waistcoat in jeans and silk, 114 momme, with collar and buttons. Oriental-inspired, it is dubbed in light Mulberry silk. . The print depicts the famous Chinese painting &#8220;Qingming Shanghe Tu&#8221; (&#8220;Along the River during the Qingming Festival&#8221;), created by the artist Zhang Zeduan in the 12th century. It represents the city of [&hellip;]<\/p>\n","protected":false},"featured_media":4070,"template":"","meta":{"_acf_changed":false},"product_brand":[],"product_cat":[67],"product_tag":[82],"class_list":{"0":"post-3311","1":"product","2":"type-product","3":"status-publish","4":"has-post-thumbnail","6":"product_cat-zhong-guo-collection","7":"product_tag-gilet-zibo-en","9":"first","10":"instock","11":"shipping-taxable","12":"product-type-simple"},"acf":[],"_links":{"self":[{"href":"https:\/\/samarcandaluxury.com\/en\/wp-json\/wp\/v2\/product\/3311","targetHints":{"allow":["GET"]}}],"collection":[{"href":"https:\/\/samarcandaluxury.com\/en\/wp-json\/wp\/v2\/product"}],"about":[{"href":"https:\/\/samarcandaluxury.com\/en\/wp-json\/wp\/v2\/types\/product"}],"wp:featuredmedia":[{"embeddable":true,"href":"https:\/\/samarcandaluxury.com\/en\/wp-json\/wp\/v2\/media\/4070"}],"wp:attachment":[{"href":"https:\/\/samarcandaluxury.com\/en\/wp-json\/wp\/v2\/media?parent=3311"}],"wp:term":[{"taxonomy":"product_brand","embeddable":true,"href":"https:\/\/samarcandaluxury.com\/en\/wp-json\/wp\/v2\/product_brand?post=3311"},{"taxonomy":"product_cat","embeddable":true,"href":"https:\/\/samarcandaluxury.com\/en\/wp-json\/wp\/v2\/product_cat?post=3311"},{"taxonomy":"product_tag","embeddable":true,"href":"https:\/\/samarcandaluxury.com\/en\/wp-json\/wp\/v2\/product_tag?post=3311"}],"curies":[{"name":"wp","href":"https:\/\/api.w.org\/{rel}","templated":true}]}}