{"id":3309,"date":"2024-03-24T10:29:15","date_gmt":"2024-03-24T10:29:15","guid":{"rendered":"https:\/\/samarcandaluxury.com\/prodotto\/jixi-cape\/"},"modified":"2024-03-24T10:29:15","modified_gmt":"2024-03-24T10:29:15","slug":"jixi-cape","status":"publish","type":"product","link":"https:\/\/samarcandaluxury.com\/en\/prodotto\/jixi-cape\/","title":{"rendered":"Jixi cape"},"content":{"rendered":"<p><span style=\"font-weight: 400;\">Jixi is a <\/span><b>silk, cotton and wool double face cape.<\/b><span style=\"font-weight: 400;\">.<\/span><\/p>\n<p><span style=\"font-weight: 400;\">The combination of warm blue flannel and oriental damask fabric, representing a scene from the Qingming River, makes the cape versatile.<\/span><\/p>\n<p><span style=\"font-weight: 400;\">Unique piece, not replicable, made in Italy by experts in tailoring.<\/span><span style=\"font-weight: 400;\"><br \/>\n<\/span><span style=\"font-weight: 400;\">One size fits all<\/span><span style=\"font-weight: 400;\"><br \/>\n<\/span><span style=\"font-weight: 400;\">Guida alle misure<\/span><span style=\"font-weight: 400;\">.<\/span><\/p>\n<p><span style=\"font-weight: 400;\">                                                                              <\/span><\/p>\n<p><b>DISCOVER THE MULBERRY SILK &gt;<\/b><b><br \/>\n<\/b><span style=\"font-weight: 400;\">The Mulberry silk is glossy, slippery and among the most valuable and it is produced thanks to the silkworms of the moth Bombyx Mori and a thousand-year expertise in China.<\/span><span style=\"font-weight: 400;\"><br \/>\n<\/span><span style=\"font-weight: 400;\">It has a pure white color, uniform, and is refined because it is composed of single very long fibers.<\/span><span style=\"font-weight: 400;\"><br \/>\n<\/span><span style=\"font-weight: 400;\">100% natural, odorless and hypoallergenic.<\/span><\/p>\n<p><span style=\"font-weight: 400;\">La leggenda attribuisce la sua scoperta all\u2019imperatrice Xi Ling-Shi nel XXVIII secolo a.C.<\/span><span style=\"font-weight: 400;\"><br \/>\n<\/span><span style=\"font-weight: 400;\">Mentre beveva il t\u00e8 sotto un gelso, un bozzolo cadde nella sua tazza e, grazie al calore, ne tir\u00f2 fuori un filo lunghissimo, scoprendo cos\u00ec le propriet\u00e0 dei bachi.<\/span><\/p>\n<p>&nbsp;<\/p>\n<p><b>DETAILS OF THE PRODUCT &gt;<\/b><b><br \/>\n<\/b><span style=\"font-weight: 400;\">Tessuti selezionati in Cina e in Italia.<\/span><span style=\"font-weight: 400;\"><br \/>\n<\/span><span style=\"font-weight: 400;\">Made by expert seamstresses in Italian tailoring.<\/span><span style=\"font-weight: 400;\"><br \/>\n<\/span><span style=\"font-weight: 400;\">Tessuto arancione: 70% seta e 30% cotone<\/span><span style=\"font-weight: 400;\"><br \/>\n<\/span><span style=\"font-weight: 400;\">Tessuto blu: 100% flanella di lana<\/span><\/p>\n<p><span style=\"font-weight: 400;\">La mantella Jixi in cotone e lana double face \u00e8 stata realizzata con 6 metri di broccato.<\/span><span style=\"font-weight: 400;\"><br \/>\n<\/span><span style=\"font-weight: 400;\">Unique and not replicable piece, 100% made in Italy.<\/span><\/p>\n<p><span style=\"font-weight: 400;\">One size fits all.<\/span><span style=\"font-weight: 400;\"><br \/>\n<\/span><span style=\"font-weight: 400;\">Length 100 cm. <\/span><span style=\"font-weight: 400;\"><br \/>\n<\/span><span style=\"font-weight: 400;\">The model is 180 cm tall and wears one size fits all.<\/span><span style=\"font-weight: 400;\"><br \/>\n<\/span><span style=\"font-weight: 400;\">Guida alle misure<\/span><span style=\"font-weight: 400;\">.<\/span><\/p>\n<p><b><br \/>\n<\/b><b>TREATMENT GUIDE &gt;<\/b><b><br \/>\n<\/b><span style=\"font-weight: 400;\">Only dry cleaning in professional laundries.<\/span><span style=\"font-weight: 400;\"><br \/>\n<\/span><span style=\"font-weight: 400;\">No washing machine, no dryer and household ironing.<\/span><span style=\"font-weight: 400;\"><br \/>\n<\/span><span style=\"font-weight: 400;\">Protect it with his cotton bag before storing it in a closet.<\/span><span style=\"font-weight: 400;\"><br \/>\n<\/span><span style=\"font-weight: 400;\">To maintain the brightness of colors over time, keep it safe from direct light or heat sources.<\/span><span style=\"font-weight: 400;\"><br \/>\n<\/span><span style=\"font-weight: 400;\">When wearing it, pay attention to jewelry and accessories that may damage the yarn.<\/span><\/p>\n","protected":false},"excerpt":{"rendered":"<p>Jixi is a silk, cotton and wool double face cape.. The combination of warm blue flannel and oriental damask fabric, representing a scene from the Qingming River, makes the cape versatile. Unique piece, not replicable, made in Italy by experts in tailoring. One size fits all Guida alle misure. DISCOVER THE MULBERRY SILK &gt; The [&hellip;]<\/p>\n","protected":false},"featured_media":4062,"template":"","meta":{"_acf_changed":false},"product_brand":[],"product_cat":[67],"product_tag":[80],"class_list":{"0":"post-3309","1":"product","2":"type-product","3":"status-publish","4":"has-post-thumbnail","6":"product_cat-zhong-guo-collection","7":"product_tag-jixi-cape","9":"first","10":"instock","11":"shipping-taxable","12":"product-type-simple"},"acf":[],"_links":{"self":[{"href":"https:\/\/samarcandaluxury.com\/en\/wp-json\/wp\/v2\/product\/3309","targetHints":{"allow":["GET"]}}],"collection":[{"href":"https:\/\/samarcandaluxury.com\/en\/wp-json\/wp\/v2\/product"}],"about":[{"href":"https:\/\/samarcandaluxury.com\/en\/wp-json\/wp\/v2\/types\/product"}],"wp:featuredmedia":[{"embeddable":true,"href":"https:\/\/samarcandaluxury.com\/en\/wp-json\/wp\/v2\/media\/4062"}],"wp:attachment":[{"href":"https:\/\/samarcandaluxury.com\/en\/wp-json\/wp\/v2\/media?parent=3309"}],"wp:term":[{"taxonomy":"product_brand","embeddable":true,"href":"https:\/\/samarcandaluxury.com\/en\/wp-json\/wp\/v2\/product_brand?post=3309"},{"taxonomy":"product_cat","embeddable":true,"href":"https:\/\/samarcandaluxury.com\/en\/wp-json\/wp\/v2\/product_cat?post=3309"},{"taxonomy":"product_tag","embeddable":true,"href":"https:\/\/samarcandaluxury.com\/en\/wp-json\/wp\/v2\/product_tag?post=3309"}],"curies":[{"name":"wp","href":"https:\/\/api.w.org\/{rel}","templated":true}]}}