{"id":3303,"date":"2024-03-24T10:33:32","date_gmt":"2024-03-24T10:33:32","guid":{"rendered":"https:\/\/samarcandaluxury.com\/prodotto\/trench-shenzen\/"},"modified":"2024-03-24T10:33:32","modified_gmt":"2024-03-24T10:33:32","slug":"trench-shenzen","status":"publish","type":"product","link":"https:\/\/samarcandaluxury.com\/en\/prodotto\/trench-shenzen\/","title":{"rendered":"Trench Shenzen"},"content":{"rendered":"<p><b>Trench in taffeta and silk<\/b><span style=\"font-weight: 400;\">,<\/span> <span style=\"font-weight: 400;\">\u201cTerra di Siena\u201d color, with<\/span><b>with Mulberry silk lining<\/b><span style=\"font-weight: 400;\">, 30 momme.<\/span><\/p>\n<p><span style=\"font-weight: 400;\">The fastening is diagonal with buttons and stitching in complementary blue sugar paper color.<\/span><\/p>\n<p><span style=\"font-weight: 400;\">It has zippered pockets, flaps and a belt that highlights the waist.<\/span><\/p>\n<p><span style=\"font-weight: 400;\">Lined with Mulberry silk: refined, soft and shiny.<\/span><\/p>\n<p><span style=\"font-weight: 400;\">Unique piece, not replicable, made in Italy by experts in tailoring.<\/span><span style=\"font-weight: 400;\"><br \/>\n<\/span><span style=\"font-weight: 400;\">Size S<\/span><span style=\"font-weight: 400;\"><br \/>\n<\/span><span style=\"font-weight: 400;\">Treatment guide<\/span><\/p>\n<p>&nbsp;<\/p>\n<p><b>DISCOVER THE MULBERRY SILK &gt;<\/b><b><br \/>\n<\/b><span style=\"font-weight: 400;\">The Mulberry silk is glossy, slippery and among the most valuable and it is produced thanks to the silkworms of the moth Bombyx Mori and a thousand-year expertise in China. <\/span><span style=\"font-weight: 400;\">It has a pure white color, uniform, and is refined because it is composed of single very long fibers.<\/span><span style=\"font-weight: 400;\"><br \/>\n<\/span><span style=\"font-weight: 400;\">100% natural, odorless and hypoallergenic.<\/span><\/p>\n<p><span style=\"font-weight: 400;\">La leggenda attribuisce la sua scoperta all\u2019imperatrice Xi Ling-Shi nel XXVIII secolo a.C.<\/span><span style=\"font-weight: 400;\"><br \/>\n<\/span><span style=\"font-weight: 400;\">Mentre beveva il t\u00e8 sotto un gelso, un bozzolo cadde nella sua tazza e, grazie al calore, ne tir\u00f2 fuori un filo lunghissimo, scoprendo cos\u00ec le propriet\u00e0 dei bachi.<\/span><\/p>\n<p><span style=\"font-weight: 400;\">                                                                                 <\/span><span style=\"font-weight: 400;\"><br \/>\n<\/span><b>DETAILS OF THE PRODUCT &gt;<\/b><b><br \/>\n<\/b><span style=\"font-weight: 400;\">Selected fabrics in China and Italy.<\/span><span style=\"font-weight: 400;\"><br \/>\n<\/span><span style=\"font-weight: 400;\">Made by expert seamstresses in Italian tailoring.<\/span><span style=\"font-weight: 400;\"><br \/>\n<\/span><span style=\"font-weight: 400;\">Tessuto esterno: 100% taffet\u00e0 di seta<\/span><span style=\"font-weight: 400;\"><br \/>\n<\/span><span style=\"font-weight: 400;\">Tessuto interno: 100% seta Mulberry, 30 momme<\/span><\/p>\n<p><span style=\"font-weight: 400;\">Il trench Shenzen in taffet\u00e0 e seta Mulberry \u00e8 stato realizzato con 4 metri di seta Mulberry e 4 metri di taffet\u00e0. Unique and not replicable piece, 100% made in Italy.<\/span><\/p>\n<p><span style=\"font-weight: 400;\">Size S.<\/span><span style=\"font-weight: 400;\"><br \/>\n<\/span><span style=\"font-weight: 400;\">Length 101 cm. <\/span><span style=\"font-weight: 400;\"><br \/>\n<\/span><span style=\"font-weight: 400;\">The model is 180 cm tall and wears size S.<\/span><\/p>\n<p><span style=\"font-weight: 400;\">Guida alle misure<\/span><span style=\"font-weight: 400;\">.<\/span><\/p>\n<p><b><br \/>\n<\/b><b>TREATMENT GUIDE &gt;<\/b><b><br \/>\n<\/b><span style=\"font-weight: 400;\">Only dry cleaning in professional laundries.<\/span><span style=\"font-weight: 400;\"><br \/>\n<\/span><span style=\"font-weight: 400;\">No washing machine, no dryer and household ironing.<\/span><span style=\"font-weight: 400;\"><br \/>\n<\/span><span style=\"font-weight: 400;\">Protect it with his cotton bag before storing it in a closet.<\/span><span style=\"font-weight: 400;\"><br \/>\n<\/span><span style=\"font-weight: 400;\">To maintain the brightness of colors over time, keep it safe from direct light or heat sources.<\/span><span style=\"font-weight: 400;\"><br \/>\n<\/span><span style=\"font-weight: 400;\">When wearing it, pay attention to jewelry and accessories that may damage the yarn.<\/span><\/p>\n","protected":false},"excerpt":{"rendered":"<p>Trench in taffeta and silk, \u201cTerra di Siena\u201d color, withwith Mulberry silk lining, 30 momme. The fastening is diagonal with buttons and stitching in complementary blue sugar paper color. It has zippered pockets, flaps and a belt that highlights the waist. Lined with Mulberry silk: refined, soft and shiny. Unique piece, not replicable, made in [&hellip;]<\/p>\n","protected":false},"featured_media":4002,"template":"","meta":{"_acf_changed":false},"product_brand":[],"product_cat":[67],"product_tag":[74],"class_list":{"0":"post-3303","1":"product","2":"type-product","3":"status-publish","4":"has-post-thumbnail","6":"product_cat-zhong-guo-collection","7":"product_tag-trench-shenzen-en","9":"first","10":"instock","11":"shipping-taxable","12":"product-type-simple"},"acf":[],"_links":{"self":[{"href":"https:\/\/samarcandaluxury.com\/en\/wp-json\/wp\/v2\/product\/3303","targetHints":{"allow":["GET"]}}],"collection":[{"href":"https:\/\/samarcandaluxury.com\/en\/wp-json\/wp\/v2\/product"}],"about":[{"href":"https:\/\/samarcandaluxury.com\/en\/wp-json\/wp\/v2\/types\/product"}],"wp:featuredmedia":[{"embeddable":true,"href":"https:\/\/samarcandaluxury.com\/en\/wp-json\/wp\/v2\/media\/4002"}],"wp:attachment":[{"href":"https:\/\/samarcandaluxury.com\/en\/wp-json\/wp\/v2\/media?parent=3303"}],"wp:term":[{"taxonomy":"product_brand","embeddable":true,"href":"https:\/\/samarcandaluxury.com\/en\/wp-json\/wp\/v2\/product_brand?post=3303"},{"taxonomy":"product_cat","embeddable":true,"href":"https:\/\/samarcandaluxury.com\/en\/wp-json\/wp\/v2\/product_cat?post=3303"},{"taxonomy":"product_tag","embeddable":true,"href":"https:\/\/samarcandaluxury.com\/en\/wp-json\/wp\/v2\/product_tag?post=3303"}],"curies":[{"name":"wp","href":"https:\/\/api.w.org\/{rel}","templated":true}]}}